{"id":21,"date":"2016-04-18T16:27:46","date_gmt":"2016-04-18T14:27:46","guid":{"rendered":"http:\/\/www.kajakowygoleniow.pl\/?page_id=21"},"modified":"2022-05-31T13:18:03","modified_gmt":"2022-05-31T11:18:03","slug":"kontakt","status":"publish","type":"page","link":"http:\/\/www.kajakigoleniow.pl\/?page_id=21","title":{"rendered":"KONTAKT"},"content":{"rendered":"<p>Pe\u0142na oferta Biura Turystyki Kajakowej \u2013 <a title=\"Kajaki Szczecin Szczeci\u0144ska Strona Kajakowa\" href=\"https:\/\/wycieczki.szczecin.pl\/\" target=\"_blank\" rel=\"noopener\" data-slimstat-async=\"true\" data-slimstat-callback=\"false\" data-slimstat-tracking=\"true\" data-slimstat-type=\"0\" data-slimstat-clicked=\"false\" data-slimstat=\"5\"><strong>www.wycieczki.szczecin.pl<\/strong> <\/a>. Dowieziemy kajaki w prawie ka\u017cde miejsce na Pomorzu Zachodnim. Nie posiadamy biura stacjonarnego \u2013 nasze us\u0142ugi \u015bwiadczymy poprzez wirtualne biuro w internecie. Podany ni\u017cej adres, jest adresem rejestrowym.<\/p>\n<p><strong>Podmiot prowadz\u0105cy:<\/strong> <strong>WIKING TURYSTYKA SP\u00d3\u0141KA Z OGRANICZON\u0104 ODPOWIEDZIALNO\u015aCI\u0104. <\/strong>wpisany do rejestru przedsi\u0119biorc\u00f3w prowadzonego przez S\u0105d Rejonowy Szczecin-Centrum, XIII Wydzia\u0142 Gospodarczy KRS w Szczecinie.<strong><br \/>\n<\/strong><\/p>\n<p>ul. Ma\u0142kowskiego 30\/1, 70-304 Szczecin<br \/>\n<strong>NIP:<\/strong> 8522641274, <strong>REGON<\/strong>: 369636172, <strong>KRS <\/strong>0000720255<br \/>\n<strong>telefon j\u0119zyk polski \u2013 501036860, e-mail <a href=\"mailto:biuro@kajaki.szczecin.pl\" data-slimstat=\"5\">biuro@kajaki.szczecin.pl<\/a><br \/>\nKonto bankowe:<\/strong>\u00a0<strong>NEST BANK<\/strong> KOD SWIFT (BIC) <span class=\"st\">NESBPLPW<\/span> NUMER KONTA PL <strong>46 2530 0008 2024 1032 5087 0001<\/strong><\/p>\n","protected":false},"excerpt":{"rendered":"<p>Pe\u0142na oferta Biura Turystyki Kajakowej \u2013 www.wycieczki.szczecin.pl . Dowieziemy kajaki w prawie ka\u017cde miejsce na Pomorzu Zachodnim. Nie posiadamy biura stacjonarnego \u2013 nasze us\u0142ugi \u015bwiadczymy poprzez wirtualne biuro w internecie. Podany ni\u017cej adres, jest adresem rejestrowym. Podmiot prowadz\u0105cy: WIKING TURYSTYKA SP\u00d3\u0141KA Z OGRANICZON\u0104 ODPOWIEDZIALNO\u015aCI\u0104. wpisany do rejestru przedsi\u0119biorc\u00f3w prowadzonego przez S\u0105d Rejonowy Szczecin-Centrum, XIII Wydzia\u0142 [&hellip;]<\/p>\n","protected":false},"author":1,"featured_media":0,"parent":0,"menu_order":0,"comment_status":"closed","ping_status":"closed","template":"","meta":{"footnotes":""},"class_list":["post-21","page","type-page","status-publish","hentry"],"_links":{"self":[{"href":"http:\/\/www.kajakigoleniow.pl\/index.php?rest_route=\/wp\/v2\/pages\/21","targetHints":{"allow":["GET"]}}],"collection":[{"href":"http:\/\/www.kajakigoleniow.pl\/index.php?rest_route=\/wp\/v2\/pages"}],"about":[{"href":"http:\/\/www.kajakigoleniow.pl\/index.php?rest_route=\/wp\/v2\/types\/page"}],"author":[{"embeddable":true,"href":"http:\/\/www.kajakigoleniow.pl\/index.php?rest_route=\/wp\/v2\/users\/1"}],"replies":[{"embeddable":true,"href":"http:\/\/www.kajakigoleniow.pl\/index.php?rest_route=%2Fwp%2Fv2%2Fcomments&post=21"}],"version-history":[{"count":7,"href":"http:\/\/www.kajakigoleniow.pl\/index.php?rest_route=\/wp\/v2\/pages\/21\/revisions"}],"predecessor-version":[{"id":468,"href":"http:\/\/www.kajakigoleniow.pl\/index.php?rest_route=\/wp\/v2\/pages\/21\/revisions\/468"}],"wp:attachment":[{"href":"http:\/\/www.kajakigoleniow.pl\/index.php?rest_route=%2Fwp%2Fv2%2Fmedia&parent=21"}],"curies":[{"name":"wp","href":"https:\/\/api.w.org\/{rel}","templated":true}]}}